{"id":196,"date":"2025-02-07T21:42:35","date_gmt":"2025-02-07T20:42:35","guid":{"rendered":"https:\/\/crtxtennis.goimprovr.com\/produkt\/"},"modified":"2026-01-12T15:06:27","modified_gmt":"2026-01-12T14:06:27","slug":"produkt","status":"publish","type":"page","link":"https:\/\/crtxtennis.goimprovr.com\/de\/produkt\/","title":{"rendered":"So funktioniert crtX"},"content":{"rendered":"<div class=\"wpb-content-wrapper\"><p>[vc_row row_height_percent=&#8220;100&#8243; back_image=&#8220;806&#8243; overlay_alpha=&#8220;50&#8243; gutter_size=&#8220;3&#8243; column_width_percent=&#8220;100&#8243; shift_y=&#8220;0&#8243; z_index=&#8220;0&#8243; content_parallax=&#8220;0&#8243; uncode_shortcode_id=&#8220;572447&#8243;][vc_column column_width_percent=&#8220;100&#8243; position_vertical=&#8220;middle&#8220; gutter_size=&#8220;3&#8243; overlay_alpha=&#8220;50&#8243; shift_x=&#8220;0&#8243; shift_y=&#8220;0&#8243; shift_y_down=&#8220;0&#8243; z_index=&#8220;0&#8243; medium_width=&#8220;0&#8243; mobile_width=&#8220;0&#8243; width=&#8220;1\/1&#8243; uncode_shortcode_id=&#8220;152186&#8243;][vc_row_inner row_inner_height_percent=&#8220;0&#8243; overlay_alpha=&#8220;50&#8243; gutter_size=&#8220;3&#8243; shift_y=&#8220;0&#8243; z_index=&#8220;0&#8243; uncode_shortcode_id=&#8220;609226&#8243;][vc_column_inner column_width_percent=&#8220;90&#8243; position_vertical=&#8220;middle&#8220; align_horizontal=&#8220;align_center&#8220; gutter_size=&#8220;2&#8243; overlay_color=&#8220;color-xsdn&#8220; overlay_alpha=&#8220;0&#8243; radius=&#8220;std&#8220; shift_x=&#8220;0&#8243; shift_y=&#8220;0&#8243; shift_y_down=&#8220;0&#8243; z_index=&#8220;0&#8243; medium_width=&#8220;0&#8243; mobile_width=&#8220;7&#8243; width=&#8220;1\/1&#8243; uncode_shortcode_id=&#8220;503201&#8243; overlay_color_type=&#8220;uncode-palette&#8220;][vc_empty_space empty_h=&#8220;5&#8243;][vc_custom_heading text_color=&#8220;color-xsdn&#8220; heading_semantic=&#8220;h1&#8243; text_size=&#8220;custom&#8220; uncode_shortcode_id=&#8220;161579&#8243; text_color_type=&#8220;uncode-palette&#8220; heading_custom_size=&#8220;72px&#8220;]Wie funktioniert crtX Tennis?[\/vc_custom_heading][vc_custom_heading text_color=&#8220;color-xsdn&#8220; heading_semantic=&#8220;p&#8220; text_size=&#8220;h3&#8243; uncode_shortcode_id=&#8220;204518&#8243; text_color_type=&#8220;uncode-palette&#8220;]Erfahre, wie crtX Tennis eingerichtet wird und im Training eingesetzt wird.[\/vc_custom_heading][vc_empty_space empty_h=&#8220;1&#8243;][vc_button button_color=&#8220;accent&#8220; size=&#8220;btn-lg&#8220; radius=&#8220;btn-round&#8220; hover_fx=&#8220;full-colored&#8220; custom_typo=&#8220;yes&#8220; font_family=&#8220;font-511618&#8243; font_weight=&#8220;600&#8243; border_width=&#8220;0&#8243; display=&#8220;inline&#8220; uncode_shortcode_id=&#8220;127531&#8243; button_color_type=&#8220;uncode-palette&#8220; link=&#8220;url:%23howitworks2|title:See%20crtX%20Tennis&#8220;]crtX Tennis in Aktion erleben[\/vc_button][vc_empty_space empty_h=&#8220;2&#8243;][\/vc_column_inner][\/vc_row_inner][\/vc_column][\/vc_row][vc_row row_height_percent=&#8220;0&#8243; override_padding=&#8220;yes&#8220; h_padding=&#8220;2&#8243; top_padding=&#8220;3&#8243; bottom_padding=&#8220;2&#8243; overlay_alpha=&#8220;50&#8243; gutter_size=&#8220;3&#8243; column_width_percent=&#8220;100&#8243; shift_y=&#8220;0&#8243; z_index=&#8220;0&#8243; content_parallax=&#8220;0&#8243; uncode_shortcode_id=&#8220;624706&#8243;][vc_column width=&#8220;1\/1&#8243;][vc_row_inner][vc_column_inner column_width_percent=&#8220;100&#8243; align_horizontal=&#8220;align_center&#8220; gutter_size=&#8220;3&#8243; overlay_alpha=&#8220;50&#8243; shift_x=&#8220;0&#8243; shift_y=&#8220;0&#8243; shift_y_down=&#8220;0&#8243; z_index=&#8220;0&#8243; medium_width=&#8220;0&#8243; mobile_width=&#8220;0&#8243; width=&#8220;6\/12&#8243; uncode_shortcode_id=&#8220;204338&#8243;][vc_custom_heading uncode_shortcode_id=&#8220;120731&#8243;]crtX Tennis[\/vc_custom_heading][uncode_list uncode_shortcode_id=&#8220;544359&#8243;]<\/p>\n<ul>\n<li>\n<p style=\"text-align: left;\" data-start=\"362\" data-end=\"646\">crtX Tennis ist ein Virtual-Reality-Trainingssystem, das die f\u00fcr die Tennisleistung entscheidenden perzeptiven und kognitiven F\u00e4higkeiten entwickelt. Es hilft Spielerinnen und Spielern, Spielsituationen fr\u00fcher zu erkennen, schneller Entscheidungen zu treffen und unter Druck besser zu performen.<\/p>\n<\/li>\n<li>\n<p style=\"text-align: left;\" data-start=\"362\" data-end=\"646\">Entwickelt von IMPROVR in Partnerschaft mit der TennisBase Oberhaching, erg\u00e4nzt crtX Tennis das klassische Training auf dem Platz durch messbare Erkenntnisse.<\/p>\n<\/li>\n<\/ul>\n<p>[\/uncode_list][\/vc_column_inner][\/vc_row_inner][\/vc_column][\/vc_row][vc_row row_height_percent=&#8220;0&#8243; overlay_alpha=&#8220;50&#8243; gutter_size=&#8220;3&#8243; column_width_percent=&#8220;100&#8243; shift_y=&#8220;0&#8243; z_index=&#8220;0&#8243; content_parallax=&#8220;0&#8243; uncode_shortcode_id=&#8220;123885&#8243; row_name=&#8220;Howitworks2&#8243;][vc_column width=&#8220;1\/1&#8243;][vc_row_inner][vc_column_inner column_width_percent=&#8220;100&#8243; align_horizontal=&#8220;align_center&#8220; gutter_size=&#8220;3&#8243; overlay_alpha=&#8220;50&#8243; shift_x=&#8220;0&#8243; shift_y=&#8220;0&#8243; shift_y_down=&#8220;0&#8243; z_index=&#8220;0&#8243; medium_width=&#8220;0&#8243; mobile_width=&#8220;0&#8243; width=&#8220;6\/12&#8243; uncode_shortcode_id=&#8220;713210&#8243;][vc_custom_heading uncode_shortcode_id=&#8220;180077&#8243;]Wie crtX Tennis funktioniert[\/vc_custom_heading][uncode_list uncode_shortcode_id=&#8220;773521&#8243;]In jeder Trainingseinheit erscheint am Ende des Platzes ein farbiges Lichtsignal. Der Spieler reagiert darauf, indem er den Volley in den entsprechenden Zielbereich spielt.[\/uncode_list][vc_raw_html]JTNDdmlkZW8lMEElMjAlMjBzcmMlM0QlMjJodHRwcyUzQSUyRiUyRmNydHh0ZW5uaXMuZ29pbXByb3ZyLmNvbSUyRndwLWNvbnRlbnQlMkZ1cGxvYWRzJTJGMjAyNiUyRjAxJTJGZTRjZWI5MjFkZmEyNDNkZmJmNjQ5ZGU2Y2QzNGIwYTMtMi5tb3YlMjIlMEElMjAlMjBhdXRvcGxheSUwQSUyMCUyMGxvb3AlMEElMjAlMjBtdXRlZCUwQSUyMCUyMHBsYXlzaW5saW5lJTBBJTIwJTIwY29udHJvbHMlMEElMjAlMjBzdHlsZSUzRCUyMndpZHRoJTNBMTAwJTI1JTNCJTIwaGVpZ2h0JTNBYXV0byUzQiUyMGRpc3BsYXklM0FibG9jayUzQiUyMiUwQSUzRSUwQSUzQyUyRnZpZGVvJTNFJTBB[\/vc_raw_html][\/vc_column_inner][\/vc_row_inner][\/vc_column][\/vc_row][vc_row][vc_column column_width_percent=&#8220;100&#8243; position_vertical=&#8220;middle&#8220; align_horizontal=&#8220;align_center&#8220; gutter_size=&#8220;3&#8243; overlay_alpha=&#8220;50&#8243; shift_x=&#8220;0&#8243; shift_y=&#8220;0&#8243; shift_y_down=&#8220;0&#8243; z_index=&#8220;0&#8243; medium_width=&#8220;0&#8243; mobile_width=&#8220;0&#8243; width=&#8220;1\/1&#8243; uncode_shortcode_id=&#8220;151987&#8243;][vc_custom_heading uncode_shortcode_id=&#8220;598468&#8243;]Drei Trainingsmodi f\u00fcr eine strukturierte Entwicklung[\/vc_custom_heading][vc_row_inner][vc_column_inner column_width_percent=&#8220;100&#8243; align_horizontal=&#8220;align_center&#8220; gutter_size=&#8220;1&#8243; back_color=&#8220;color-xsdn&#8220; overlay_alpha=&#8220;50&#8243; radius=&#8220;std&#8220; shadow=&#8220;std&#8220; shift_x=&#8220;0&#8243; shift_y=&#8220;0&#8243; shift_y_down=&#8220;0&#8243; z_index=&#8220;0&#8243; medium_width=&#8220;0&#8243; mobile_width=&#8220;0&#8243; width=&#8220;1\/3&#8243; uncode_shortcode_id=&#8220;813861&#8243; back_color_type=&#8220;uncode-palette&#8220;][vc_custom_heading text_size=&#8220;h3&#8243; uncode_shortcode_id=&#8220;734584&#8243;]Trainingsmodus[\/vc_custom_heading][vc_empty_space empty_h=&#8220;1&#8243;][vc_single_image media=&#8220;1060&#8243; media_width_percent=&#8220;100&#8243; uncode_shortcode_id=&#8220;571369&#8243;][uncode_list uncode_shortcode_id=&#8220;100894&#8243;]<\/p>\n<p style=\"text-align: left;\">Arbeite dich durch vordefinierte Level, deren Schwierigkeitsgrad schrittweise ansteigt.<\/p>\n<ul>\n<li style=\"text-align: left;\" data-start=\"970\" data-end=\"1013\">Ideal f\u00fcr Onboarding und regelm\u00e4\u00dfiges Training<\/li>\n<li style=\"text-align: left;\" data-start=\"1482\" data-end=\"1528\">Strukturierte Progression \u00fcber mehrere Level<\/li>\n<li style=\"text-align: left;\" data-start=\"1016\" data-end=\"1051\">Erhalte direktes Feedback nach jedem Level<\/li>\n<\/ul>\n<p>[\/uncode_list][\/vc_column_inner][vc_column_inner column_width_percent=&#8220;100&#8243; align_horizontal=&#8220;align_center&#8220; gutter_size=&#8220;0&#8243; back_color=&#8220;color-xsdn&#8220; overlay_alpha=&#8220;50&#8243; radius=&#8220;std&#8220; shadow=&#8220;std&#8220; shift_x=&#8220;0&#8243; shift_y=&#8220;0&#8243; shift_y_down=&#8220;0&#8243; z_index=&#8220;0&#8243; medium_width=&#8220;0&#8243; mobile_width=&#8220;0&#8243; width=&#8220;1\/3&#8243; uncode_shortcode_id=&#8220;106974&#8243; back_color_type=&#8220;uncode-palette&#8220;][vc_custom_heading text_size=&#8220;h3&#8243; uncode_shortcode_id=&#8220;893436&#8243;]Challenge-Modus[\/vc_custom_heading][vc_empty_space empty_h=&#8220;1&#8243;][vc_single_image media=&#8220;1062&#8243; media_width_percent=&#8220;100&#8243; uncode_shortcode_id=&#8220;100665&#8243;][uncode_list uncode_shortcode_id=&#8220;106220&#8243;]<\/p>\n<p style=\"text-align: left;\">Fordere dich selbst in standardisierten Wettkampf-Leveln heraus.<\/p>\n<ul>\n<li style=\"text-align: left;\" data-start=\"1439\" data-end=\"1479\">Vergleiche deine Ergebnisse mit Spielern weltweit<\/li>\n<li style=\"text-align: left;\" data-start=\"1482\" data-end=\"1528\">Verfolge dein Ranking auf der globalen Bestenliste<\/li>\n<li style=\"text-align: left;\" data-start=\"1531\" data-end=\"1565\">Ideal als Abschluss deines Virtual-Reality-Trainings<\/li>\n<\/ul>\n<p>[\/uncode_list][\/vc_column_inner][vc_column_inner column_width_percent=&#8220;100&#8243; align_horizontal=&#8220;align_center&#8220; gutter_size=&#8220;0&#8243; back_color=&#8220;color-xsdn&#8220; overlay_alpha=&#8220;50&#8243; radius=&#8220;std&#8220; shadow=&#8220;std&#8220; shift_x=&#8220;0&#8243; shift_y=&#8220;0&#8243; shift_y_down=&#8220;0&#8243; z_index=&#8220;0&#8243; medium_width=&#8220;0&#8243; mobile_width=&#8220;0&#8243; width=&#8220;1\/3&#8243; uncode_shortcode_id=&#8220;984110&#8243; back_color_type=&#8220;uncode-palette&#8220;][vc_custom_heading text_size=&#8220;h3&#8243; uncode_shortcode_id=&#8220;213171&#8243;]Creator-Modus[\/vc_custom_heading][vc_empty_space empty_h=&#8220;1&#8243;][vc_single_image media=&#8220;1058&#8243; media_width_percent=&#8220;100&#8243; uncode_shortcode_id=&#8220;121421&#8243;][uncode_list uncode_shortcode_id=&#8220;522057&#8243;]<\/p>\n<p style=\"text-align: left;\">Erstelle individuelle Trainingseinheiten durch Anpassung zentraler Parameter.<\/p>\n<ul>\n<li style=\"text-align: left;\" data-start=\"1183\" data-end=\"1222\">Lege Anzahl der Farben, Positionen und Ballgeschwindigkeit fest<\/li>\n<li style=\"text-align: left;\" data-start=\"1225\" data-end=\"1264\">Steuere Dauer und Schwierigkeitsgrad der Einheit<\/li>\n<li style=\"text-align: left;\" data-start=\"1267\" data-end=\"1310\">Perfekt f\u00fcr individualisierte Trainingspl\u00e4ne<\/li>\n<\/ul>\n<p>[\/uncode_list][\/vc_column_inner][\/vc_row_inner][\/vc_column][\/vc_row][vc_row][vc_column column_width_percent=&#8220;100&#8243; align_horizontal=&#8220;align_center&#8220; gutter_size=&#8220;3&#8243; overlay_alpha=&#8220;50&#8243; shift_x=&#8220;0&#8243; shift_y=&#8220;0&#8243; shift_y_down=&#8220;0&#8243; z_index=&#8220;0&#8243; medium_width=&#8220;0&#8243; mobile_width=&#8220;0&#8243; width=&#8220;1\/1&#8243; uncode_shortcode_id=&#8220;653120&#8243;][vc_custom_heading uncode_shortcode_id=&#8220;184890&#8243;]Leistungsstatistiken[\/vc_custom_heading][vc_row_inner][vc_column_inner width=&#8220;1\/2&#8243;][vc_single_image media=&#8220;1043&#8243; media_width_use_pixel=&#8220;yes&#8220; media_ratio=&#8220;four-three&#8220; alignment=&#8220;right&#8220; uncode_shortcode_id=&#8220;144296&#8243; media_width_pixel=&#8220;500&#8243;][\/vc_column_inner][vc_column_inner width=&#8220;1\/2&#8243;][uncode_list uncode_shortcode_id=&#8220;183054&#8243;]<strong>Trainingsleistung:<\/strong><\/p>\n<ul>\n<li>Entscheidungsgenauigkeit<\/li>\n<li>Entscheidungsgeschwindigkeit<\/li>\n<li>Levelbasierte Ergebnisse<\/li>\n<li>Sitzungsbasierte Ergebnisse<\/li>\n<\/ul>\n<p>[\/uncode_list][uncode_list uncode_shortcode_id=&#8220;152023&#8243;]<strong>Fortschritt &amp; Vergleich:<\/strong><\/p>\n<ul>\n<li>Trainingshistorie<\/li>\n<li>Fortschritt \u00fcber die Zeit<\/li>\n<li>Leistungstrends<\/li>\n<li>Rankings &amp; Punktzahlen<\/li>\n<\/ul>\n<p>[\/uncode_list][\/vc_column_inner][\/vc_row_inner][\/vc_column][\/vc_row][vc_row][vc_column column_width_percent=&#8220;100&#8243; align_horizontal=&#8220;align_center&#8220; gutter_size=&#8220;3&#8243; overlay_alpha=&#8220;50&#8243; shift_x=&#8220;0&#8243; shift_y=&#8220;0&#8243; shift_y_down=&#8220;0&#8243; z_index=&#8220;0&#8243; medium_width=&#8220;0&#8243; mobile_width=&#8220;0&#8243; width=&#8220;1\/1&#8243; uncode_shortcode_id=&#8220;150213&#8243;][vc_custom_heading uncode_shortcode_id=&#8220;123259&#8243;]Hardware &amp; Setup[\/vc_custom_heading][vc_row_inner][vc_column_inner width=&#8220;1\/2&#8243;][vc_single_image media=&#8220;1069&#8243; media_width_use_pixel=&#8220;yes&#8220; media_ratio=&#8220;four-three&#8220; alignment=&#8220;right&#8220; uncode_shortcode_id=&#8220;177602&#8243; media_width_pixel=&#8220;500&#8243;][\/vc_column_inner][vc_column_inner width=&#8220;1\/2&#8243;][uncode_list uncode_shortcode_id=&#8220;199407&#8243;]<strong>Erforderliche Hardware:<\/strong><\/p>\n<ul>\n<li>Meta-Quest-Headset (Quest 2, Quest 3 oder Quest 3S)<\/li>\n<li>Zwei Meta-Quest-Controller<\/li>\n<li>Aktiver crtX-Tennis-Account<\/li>\n<li>Stabile Internetverbindung<\/li>\n<\/ul>\n<p>[\/uncode_list][uncode_list uncode_shortcode_id=&#8220;142228&#8243;]<strong>Erforderlicher Platz:<\/strong><\/p>\n<ul>\n<li>Ca. 3 \u00d7 3 Meter freie Fl\u00e4che<\/li>\n<li>Ebene und hindernisfreie Oberfl\u00e4che<\/li>\n<li>Indoor-Setup sowie Einsatz auf dem Tennisplatz m\u00f6glich<\/li>\n<\/ul>\n<p>[\/uncode_list][\/vc_column_inner][\/vc_row_inner][\/vc_column][\/vc_row][vc_row row_height_percent=&#8220;0&#8243; override_padding=&#8220;yes&#8220; h_padding=&#8220;2&#8243; top_padding=&#8220;3&#8243; bottom_padding=&#8220;4&#8243; overlay_alpha=&#8220;49&#8243; equal_height=&#8220;yes&#8220; gutter_size=&#8220;4&#8243; column_width_percent=&#8220;100&#8243; shift_y=&#8220;0&#8243; z_index=&#8220;0&#8243; content_parallax=&#8220;0&#8243; uncode_shortcode_id=&#8220;617224&#8243;][vc_column column_width_use_pixel=&#8220;yes&#8220; position_vertical=&#8220;middle&#8220; align_horizontal=&#8220;align_center&#8220; gutter_size=&#8220;3&#8243; override_padding=&#8220;yes&#8220; column_padding=&#8220;3&#8243; back_color=&#8220;color-lxmt&#8220; overlay_alpha=&#8220;50&#8243; radius=&#8220;hg&#8220; shadow=&#8220;std&#8220; shift_x=&#8220;0&#8243; shift_y=&#8220;0&#8243; shift_y_down=&#8220;0&#8243; z_index=&#8220;0&#8243; medium_width=&#8220;0&#8243; mobile_width=&#8220;0&#8243; width=&#8220;1\/1&#8243; column_width_pixel=&#8220;980&#8243; uncode_shortcode_id=&#8220;177767&#8243; back_color_type=&#8220;uncode-palette&#8220;][vc_custom_heading uncode_shortcode_id=&#8220;374000&#8243;]W\u00e4hle, wie du crtX Tennis nutzen m\u00f6chtest[\/vc_custom_heading][vc_column_text uncode_shortcode_id=&#8220;880640&#8243;]crtX Tennis kann von einzelnen Spielerinnen und Spielern genutzt oder in strukturierte Trainings- und Coaching-Umgebungen integriert werden. W\u00e4hle die Option, die zu deinem Trainings-Setup passt.[\/vc_column_text][vc_row_inner][vc_column_inner column_width_percent=&#8220;100&#8243; align_horizontal=&#8220;align_center&#8220; gutter_size=&#8220;3&#8243; overlay_alpha=&#8220;50&#8243; shift_x=&#8220;0&#8243; shift_y=&#8220;0&#8243; shift_y_down=&#8220;0&#8243; z_index=&#8220;0&#8243; medium_width=&#8220;4&#8243; align_mobile=&#8220;align_center_mobile&#8220; mobile_width=&#8220;0&#8243; width=&#8220;1\/2&#8243; uncode_shortcode_id=&#8220;980534&#8243;][vc_button button_color=&#8220;accent&#8220; size=&#8220;btn-lg&#8220; radius=&#8220;btn-round&#8220; border_width=&#8220;0&#8243; link=&#8220;url:https%3A%2F%2Fcrtxtennis.goimprovr.com%2Fde%2Fcrtx-fuer-spieler%2F%23players-pricing|title:Contact%20us%20via%20email&#8220; button_color_type=&#8220;uncode-palette&#8220; uncode_shortcode_id=&#8220;623538&#8243;]Als Spieler buchen[\/vc_button][\/vc_column_inner][vc_column_inner column_width_percent=&#8220;100&#8243; align_horizontal=&#8220;align_center&#8220; gutter_size=&#8220;3&#8243; overlay_alpha=&#8220;50&#8243; shift_x=&#8220;0&#8243; shift_y=&#8220;0&#8243; shift_y_down=&#8220;0&#8243; z_index=&#8220;0&#8243; medium_width=&#8220;0&#8243; mobile_width=&#8220;0&#8243; width=&#8220;1\/2&#8243; uncode_shortcode_id=&#8220;124025&#8243;][vc_button button_color=&#8220;accent&#8220; size=&#8220;btn-lg&#8220; radius=&#8220;btn-round&#8220; border_width=&#8220;0&#8243; link=&#8220;url:https%3A%2F%2Fcrtxtennis.goimprovr.com%2Fde%2Fcrtx-fuer-coaches%2F%23pricing|title:Contact%20us%20via%20email&#8220; button_color_type=&#8220;uncode-palette&#8220; uncode_shortcode_id=&#8220;101350&#8243;]Als Trainer oder Akademie buchen[\/vc_button][\/vc_column_inner][\/vc_row_inner][\/vc_column][\/vc_row]<\/p>\n<\/div>","protected":false},"excerpt":{"rendered":"<p>[vc_row row_height_percent=&#8220;100&#8243; back_image=&#8220;806&#8243; overlay_alpha=&#8220;50&#8243; gutter_size=&#8220;3&#8243; column_width_percent=&#8220;100&#8243; shift_y=&#8220;0&#8243; z_index=&#8220;0&#8243; content_parallax=&#8220;0&#8243; uncode_shortcode_id=&#8220;572447&#8243;][vc_column column_width_percent=&#8220;100&#8243; position_vertical=&#8220;middle&#8220; gutter_size=&#8220;3&#8243; overlay_alpha=&#8220;50&#8243; shift_x=&#8220;0&#8243; shift_y=&#8220;0&#8243; shift_y_down=&#8220;0&#8243; z_index=&#8220;0&#8243; medium_width=&#8220;0&#8243; mobile_width=&#8220;0&#8243; [&hellip;]<\/p>\n","protected":false},"author":1,"featured_media":0,"parent":0,"menu_order":0,"comment_status":"closed","ping_status":"closed","template":"","meta":{"footnotes":""},"class_list":["post-196","page","type-page","status-publish","hentry"],"_links":{"self":[{"href":"https:\/\/crtxtennis.goimprovr.com\/de\/wp-json\/wp\/v2\/pages\/196","targetHints":{"allow":["GET"]}}],"collection":[{"href":"https:\/\/crtxtennis.goimprovr.com\/de\/wp-json\/wp\/v2\/pages"}],"about":[{"href":"https:\/\/crtxtennis.goimprovr.com\/de\/wp-json\/wp\/v2\/types\/page"}],"author":[{"embeddable":true,"href":"https:\/\/crtxtennis.goimprovr.com\/de\/wp-json\/wp\/v2\/users\/1"}],"replies":[{"embeddable":true,"href":"https:\/\/crtxtennis.goimprovr.com\/de\/wp-json\/wp\/v2\/comments?post=196"}],"version-history":[{"count":33,"href":"https:\/\/crtxtennis.goimprovr.com\/de\/wp-json\/wp\/v2\/pages\/196\/revisions"}],"predecessor-version":[{"id":1251,"href":"https:\/\/crtxtennis.goimprovr.com\/de\/wp-json\/wp\/v2\/pages\/196\/revisions\/1251"}],"wp:attachment":[{"href":"https:\/\/crtxtennis.goimprovr.com\/de\/wp-json\/wp\/v2\/media?parent=196"}],"curies":[{"name":"wp","href":"https:\/\/api.w.org\/{rel}","templated":true}]}}